{"id":11633,"date":"2019-04-27T13:00:49","date_gmt":"2019-04-27T13:00:49","guid":{"rendered":"http:\/\/www.takomaltd.com\/en\/?page_id=11633"},"modified":"2019-05-07T12:27:25","modified_gmt":"2019-05-07T09:27:25","slug":"foreign-trade-coaching","status":"publish","type":"page","link":"https:\/\/www.takomaltd.com\/en\/foreign-trade-coaching\/","title":{"rendered":"FOREIGN TRADE COACHING"},"content":{"rendered":"<div class=\"fusion-fullwidth fullwidth-box nonhundred-percent-fullwidth non-hundred-percent-height-scrolling\"  style='background-color: #ffffff;background-position: center center;background-repeat: no-repeat;padding-top:0px;padding-right:0px;padding-bottom:0px;padding-left:0px;'><div class=\"fusion-builder-row fusion-row \"><div  class=\"fusion-layout-column fusion_builder_column fusion_builder_column_1_1 fusion-builder-column-1 fusion-one-full fusion-column-first fusion-column-last 1_1\"  style='margin-top:0px;margin-bottom:20px;'>\n\t\t\t\t\t<div class=\"fusion-column-wrapper\" style=\"padding: 0px 0px 0px 0px;background-position:left top;background-repeat:no-repeat;-webkit-background-size:cover;-moz-background-size:cover;-o-background-size:cover;background-size:cover;\"   data-bg-url=\"\">\n\t\t\t\t\t\t<div class=\"fusion-title title fusion-title-1 fusion-title-center fusion-title-size-one\" style=\"font-size:32px;margin-top:0px;margin-bottom:32px;\"><div class=\"title-sep-container title-sep-container-left\"><div class=\"title-sep sep-single sep-solid\" style=\"border-color:#153f87;\"><\/div><\/div><h1 class=\"title-heading-center\" style=\"margin:0;font-size:1em;line-height:32px;color:#153f87;\"><p style=\"text-align: center;\"><strong>FOREIGN TRADE COACHING<\/strong><\/p><\/h1><div class=\"title-sep-container title-sep-container-right\"><div class=\"title-sep sep-single sep-solid\" style=\"border-color:#153f87;\"><\/div><\/div><\/div><div class=\"fusion-text\"><p style=\"font-size: 16px; text-align: left;\">Foreign Trade Coaching provides companies who want to import or export to use the knowledge and experience to overcome the difficulties in all operations and to make the right decisions at the right time.<br \/>\nThe company follows the entire operation and ensures that our experts benefit from foreign trade coaching when they are in need and are undecided. In this way, a risk-free foreign trade operation is carried out by minimizing the risk.<br \/>\nBoth import and export coaching are available. With the different dynamics of the export and import processes, a fast, smooth and lucrative foreign trade operation is ensured by taking value-added information on all operations processes, supports and advantages.<\/p>\n<\/div><div class=\"fusion-builder-row fusion-builder-row-inner fusion-row \"><div  class=\"fusion-layout-column fusion_builder_column fusion_builder_column_1_2  fusion-one-half fusion-column-first fusion-spacing-no 1_2\"  style='margin-top: 0px;margin-bottom: 20px;width:50%;width:calc(50% - ( ( 0px ) * 0.5 ) );margin-right:0px;'><div class=\"fusion-column-wrapper\" style=\"padding: 0px 0px 0px 0px;background-position:left top;background-repeat:no-repeat;-webkit-background-size:cover;-moz-background-size:cover;-o-background-size:cover;background-size:cover;\"  data-bg-url=\"\"><div class=\"fusion-image-frame-bottomshadow image-frame-shadow-1\"style=\"width:100%;max-width:573px;\"><style scoped=\"scoped\">.fusion-image-frame-bottomshadow.image-frame-shadow-1{display:inline-block}.element-bottomshadow.imageframe-1:before, .element-bottomshadow.imageframe-1:after{-webkit-box-shadow: 0 17px 10px rgba(0,0,0,0.4);box-shadow: 0 17px 10px rgba(0,0,0,0.4);}<\/style><span class=\"fusion-imageframe imageframe-bottomshadow imageframe-1 element-bottomshadow hover-type-none\"><img decoding=\"async\" src=\"https:\/\/www.takomaltd.com\/en\/wp-content\/uploads\/Dis-ticaret-koclugu.jpg\" data-src=\"http:\/\/www.takomaltd.com\/en\/wp-content\/uploads\/Dis-ticaret-koclugu.jpg\" width=\"\" height=\"\" alt=\"D\u0131\u015f Ticaret Dan\u0131\u015fmanl\u0131\u011f\u0131\" title=\"Dis-ticaret-koclugu\" class=\"lazyload img-responsive wp-image-11641\" srcset=\"data:image\/svg+xml,%3Csvg%20xmlns%3D%27http%3A%2F%2Fwww.w3.org%2F2000%2Fsvg%27%20width%3D%27573%27%20height%3D%27304%27%20viewBox%3D%270%200%20573%20304%27%3E%3Crect%20width%3D%27573%27%20height%3D%273304%27%20fill-opacity%3D%220%22%2F%3E%3C%2Fsvg%3E\" data-srcset=\"https:\/\/www.takomaltd.com\/en\/wp-content\/uploads\/Dis-ticaret-koclugu-200x106.jpg 200w, https:\/\/www.takomaltd.com\/en\/wp-content\/uploads\/Dis-ticaret-koclugu-400x212.jpg 400w, https:\/\/www.takomaltd.com\/en\/wp-content\/uploads\/Dis-ticaret-koclugu.jpg 573w\" data-sizes=\"auto\" data-orig-sizes=\"(max-width: 800px) 100vw, 573px\" \/><\/span><\/div><\/div><\/div><div  class=\"fusion-layout-column fusion_builder_column fusion_builder_column_1_2  fusion-one-half fusion-column-last 1_2\"  style='margin-top: 0px;margin-bottom: 0px;width:50%;width:calc(50% - ( ( 0px ) * 0.5 ) );'><div class=\"fusion-column-wrapper\" style=\"padding: 0px 0px 0px 0px;background-position:left top;background-repeat:no-repeat;-webkit-background-size:cover;-moz-background-size:cover;-o-background-size:cover;background-size:cover;\"  data-bg-url=\"\"><style type='text\/css'>.reading-box-container-1 .element-bottomshadow:before,.reading-box-container-1 .element-bottomshadow:after{opacity:0.70;}<\/style><div class=\"fusion-reading-box-container reading-box-container-1\" style=\"margin-top:0px;margin-bottom:0px;\"><div class=\"reading-box\" style=\"background-color:#f6f6f6;border-width:1px;border-color:#f6f6f6;border-left-width:3px;border-left-color:#1a80b6;border-style:solid;\"><h2>WHY COACHING SERVICE IS TAKEN?<\/h2><div class=\"reading-box-additional fusion-reading-box-additional\">\n<p>Nowadays, where information is so easily available, everyone has an idea of how to make imports or exports. All entrepreneurs and businesses know what to do about it.<\/p>\n<p>The fact is not to know the issue, to be practicing or doing.<\/p>\n<p>A system that gives you step-by-step information about what you need to do for export or import, giving you value-added information about before and after, helps you to make fast and accurate decisions at any stage of operation, allowing you to focus on your main business, providing comfort, confidence and profit.<\/p>\n<\/div><div class=\"fusion-clearfix\"><\/div><\/div><\/div><\/div><\/div><div  class=\"fusion-layout-column fusion_builder_column fusion_builder_column_1_1  fusion-one-full fusion-column-first fusion-column-last 1_1\"  style='margin-top: 0px;margin-bottom: 20px;'><div class=\"fusion-column-wrapper\" style=\"padding: 0px 0px 0px 0px;background-position:left top;background-repeat:no-repeat;-webkit-background-size:cover;-moz-background-size:cover;-o-background-size:cover;background-size:cover;\"  data-bg-url=\"\"><\/div><\/div><\/div><div class=\"fusion-builder-row fusion-builder-row-inner fusion-row \"><div  class=\"fusion-layout-column fusion_builder_column fusion_builder_column_3_4  fusion-three-fourth fusion-column-first 3_4\"  style='margin-top: 0px;margin-bottom: 20px;width:75%;width:calc(75% - ( ( 4% ) * 0.75 ) );margin-right:4%;'><div class=\"fusion-column-wrapper\" style=\"padding: 0px 0px 0px 0px;background-position:left top;background-repeat:no-repeat;-webkit-background-size:cover;-moz-background-size:cover;-o-background-size:cover;background-size:cover;\"  data-bg-url=\"\"><div class=\"fusion-text\"><p><div class=\"fusion-modal modal fade modal-1 form1\" tabindex=\"-1\" role=\"dialog\" aria-labelledby=\"modal-heading-1\" aria-hidden=\"true\"><style type=\"text\/css\">.modal-1 .modal-header, .modal-1 .modal-footer{border-color:#ebebeb;}<\/style><div class=\"modal-dialog modal-lg\"><div class=\"modal-content fusion-modal-content\" style=\"background-color:#f6f6f6\"><div class=\"modal-header\"><button class=\"close\" type=\"button\" data-dismiss=\"modal\" aria-hidden=\"true\">&times;<\/button><h3 class=\"modal-title\" id=\"modal-heading-1\" data-dismiss=\"modal\" aria-hidden=\"true\">Fill in the form information.<\/h3><\/div><div class=\"modal-body fusion-clearfix\">\n<div id=\"quform-df3694\" class=\"quform quform-2 quform-theme-simple quform-support-page-caching quform-is-first-page\"><form id=\"quform-form-df3694\" class=\"quform-form quform-form-2\" action=\"\/en\/wp-json\/wp\/v2\/pages\/11633#quform-df3694\" method=\"post\" enctype=\"multipart\/form-data\" novalidate=\"novalidate\" data-options=\"{&quot;id&quot;:2,&quot;uniqueId&quot;:&quot;df3694&quot;,&quot;theme&quot;:&quot;simple&quot;,&quot;ajax&quot;:true,&quot;logic&quot;:{&quot;logic&quot;:[],&quot;dependents&quot;:[],&quot;elementIds&quot;:[],&quot;dependentElementIds&quot;:[],&quot;animate&quot;:true},&quot;currentPageId&quot;:1,&quot;errorsIcon&quot;:&quot;&quot;,&quot;updateFancybox&quot;:true,&quot;hasPages&quot;:true,&quot;pages&quot;:[1,13,18],&quot;pageProgressType&quot;:&quot;&quot;,&quot;tooltipsEnabled&quot;:true,&quot;tooltipClasses&quot;:&quot;qtip-quform-dark qtip-shadow&quot;,&quot;tooltipMy&quot;:&quot;left center&quot;,&quot;tooltipAt&quot;:&quot;right center&quot;,&quot;isRtl&quot;:false,&quot;scrollOffset&quot;:-50,&quot;scrollSpeed&quot;:800}\"><button class=\"quform-default-submit\" name=\"quform_submit\" type=\"submit\" value=\"submit\"><\/button><div class=\"quform-form-inner quform-form-inner-2\"><input type=\"hidden\" name=\"quform_form_id\" value=\"2\" \/><input type=\"hidden\" name=\"quform_form_uid\" value=\"df3694\" \/><input type=\"hidden\" name=\"quform_count\" value=\"1\" \/><input type=\"hidden\" name=\"form_url\" value=\"https:\/\/www.takomaltd.com\/en\/wp-json\/wp\/v2\/pages\/11633\" \/><input type=\"hidden\" name=\"referring_url\" value=\"\" \/><input type=\"hidden\" name=\"post_id\" value=\"\" \/><input type=\"hidden\" name=\"post_title\" value=\"\" \/><input type=\"hidden\" name=\"quform_current_page_id\" value=\"1\" \/><input type=\"hidden\" name=\"quform_csrf_token\" value=\"fO7cUSgrPYxTlrYlAV1EOMPIymounBsWzQSNbWae\" \/><div class=\"quform-elements quform-elements-2 quform-cf quform-responsive-elements-phone-landscape\"><div class=\"quform-element quform-element-page quform-page-1 quform-page-2_1 quform-cf quform-group-style-plain quform-first-page quform-current-page\"><div class=\"quform-child-elements\"><div class=\"quform-element quform-element-row quform-element-row-2_10 quform-1-columns quform-element-row-size-fixed quform-responsive-columns-phone-landscape\"><div class=\"quform-element quform-element-column quform-element-2_11\"><div class=\"quform-element quform-element-select quform-element-2_16 quform-cf quform-element-optional\"><div class=\"quform-spacer\"><div class=\"quform-inner quform-inner-select quform-inner-2_16 quform-field-size-fat\"><div class=\"quform-input quform-input-select quform-input-2_16 quform-cf\"><select id=\"quform_2_16_df3694\" name=\"quform_2_16\" class=\"quform-field quform-field-select quform-field-2_16\"><option value=\"\" selected=\"selected\">Choose<\/option><option value=\"Consulting Services\">Consulting Services<\/option><option value=\"Our Partnership Service\">Our Partnership Service<\/option><option value=\"Our Coaching Service\">Our Coaching Service<\/option><\/select><\/div><\/div><\/div><\/div><\/div><\/div><div class=\"quform-element quform-element-row quform-element-row-2_31 quform-2-columns quform-element-row-size-fixed quform-responsive-columns-phone-landscape\"><div class=\"quform-element quform-element-column quform-element-2_32\"><\/div><div class=\"quform-element quform-element-column quform-element-2_33\"><div class=\"quform-element quform-element-submit quform-element-2_2 quform-cf quform-button-style-theme quform-button-width-full\"><div class=\"quform-button-next quform-button-next-default quform-button-next-2_2\"><button name=\"quform_submit\" type=\"submit\" class=\"quform-next\" value=\"submit\"><span class=\"quform-button-text quform-button-next-text\">Next<\/span><\/button><\/div><div class=\"quform-loading quform-loading-position-left quform-loading-type-spinner-3\"><div class=\"quform-loading-inner\"><div class=\"quform-loading-spinner\"><div class=\"quform-loading-spinner-inner\"><\/div><\/div><\/div><\/div><\/div><\/div><\/div><\/div><\/div><div class=\"quform-element quform-element-page quform-page-13 quform-page-2_13 quform-cf quform-group-style-plain\"><div class=\"quform-child-elements\"><div class=\"quform-element quform-element-textarea quform-element-2_15 quform-cf quform-element-required\"><div class=\"quform-spacer\"><div class=\"quform-label quform-label-2_15\"><label class=\"quform-label-text\" for=\"quform_2_15_df3694\">Please give a brief description of your foreign trade plan:<span class=\"quform-required\">*<\/span><\/label><\/div><div class=\"quform-inner quform-inner-textarea quform-inner-2_15\"><div class=\"quform-input quform-input-textarea quform-input-2_15 quform-cf\"><textarea id=\"quform_2_15_df3694\" name=\"quform_2_15\" class=\"quform-field quform-field-textarea quform-field-2_15\"><\/textarea><\/div><\/div><\/div><\/div><div class=\"quform-element quform-element-submit quform-element-2_14 quform-cf quform-button-style-theme quform-button-width-full\"><div class=\"quform-button-back quform-button-back-default quform-button-back-2_14\"><button name=\"quform_submit\" type=\"submit\" class=\"quform-back\" value=\"back\"><span class=\"quform-button-text quform-button-back-text\">Back<\/span><\/button><\/div><div class=\"quform-button-next quform-button-next-default quform-button-next-2_14\"><button name=\"quform_submit\" type=\"submit\" class=\"quform-next\" value=\"submit\"><span class=\"quform-button-text quform-button-next-text\">Next<\/span><\/button><\/div><div class=\"quform-loading quform-loading-position-left quform-loading-type-spinner-3\"><div class=\"quform-loading-inner\"><div class=\"quform-loading-spinner\"><div class=\"quform-loading-spinner-inner\"><\/div><\/div><\/div><\/div><\/div><\/div><\/div><div class=\"quform-element quform-element-page quform-page-18 quform-page-2_18 quform-cf quform-group-style-plain quform-last-page\"><div class=\"quform-child-elements\"><div class=\"quform-element quform-element-row quform-element-row-2_22 quform-2-columns quform-element-row-size-fixed quform-responsive-columns-phone-landscape\"><div class=\"quform-element quform-element-column quform-element-2_23\"><div class=\"quform-element quform-element-text quform-element-2_25 quform-cf quform-element-required\"><div class=\"quform-spacer\"><div class=\"quform-inner quform-inner-text quform-inner-2_25 quform-field-size-fat\"><div class=\"quform-input quform-input-text quform-input-2_25 quform-cf quform-has-field-icon-left\"><input type=\"text\" id=\"quform_2_25_df3694\" name=\"quform_2_25\" class=\"quform-field quform-field-text quform-field-2_25\" placeholder=\"your name and your surname\" \/><span class=\"quform-field-icon quform-field-icon-left\"><i class=\"fa fa-user\"><\/i><\/span><\/div><\/div><\/div><\/div><div class=\"quform-element quform-element-text quform-element-2_29 quform-cf quform-element-optional\"><div class=\"quform-spacer\"><div class=\"quform-inner quform-inner-text quform-inner-2_29 quform-field-size-fat\"><div class=\"quform-input quform-input-text quform-input-2_29 quform-cf quform-has-field-icon-left\"><input type=\"text\" id=\"quform_2_29_df3694\" name=\"quform_2_29\" class=\"quform-field quform-field-text quform-field-2_29\" placeholder=\"+00 ( _ _ _ ) _ _ _ _ _ _ _\" \/><span class=\"quform-field-icon quform-field-icon-left\"><i class=\"fa fa-mobile-phone\"><\/i><\/span><\/div><\/div><\/div><\/div><\/div><div class=\"quform-element quform-element-column quform-element-2_24\"><div class=\"quform-element quform-element-text quform-element-2_26 quform-cf quform-element-optional\"><div class=\"quform-spacer\"><div class=\"quform-inner quform-inner-text quform-inner-2_26 quform-field-size-fat\"><div class=\"quform-input quform-input-text quform-input-2_26 quform-cf quform-has-field-icon-left\"><input type=\"text\" id=\"quform_2_26_df3694\" name=\"quform_2_26\" class=\"quform-field quform-field-text quform-field-2_26\" placeholder=\"Company name\" \/><span class=\"quform-field-icon quform-field-icon-left\"><i class=\"fa fa-suitcase\"><\/i><\/span><\/div><\/div><\/div><\/div><div class=\"quform-element quform-element-email quform-element-2_28 quform-cf quform-element-required\"><div class=\"quform-spacer\"><div class=\"quform-inner quform-inner-email quform-inner-2_28 quform-field-size-fat\"><div class=\"quform-input quform-input-email quform-input-2_28 quform-cf quform-has-field-icon-left\"><input type=\"email\" id=\"quform_2_28_df3694\" name=\"quform_2_28\" class=\"quform-field quform-field-email quform-field-2_28\" placeholder=\"Email unaddressed\" \/><span class=\"quform-field-icon quform-field-icon-left\"><i class=\"fa fa-envelope-o\"><\/i><\/span><\/div><\/div><\/div><\/div><\/div><\/div><div class=\"quform-element quform-element-text quform-element-2_30 quform-cf quform-element-optional\"><div class=\"quform-spacer\"><div class=\"quform-inner quform-inner-text quform-inner-2_30 quform-field-size-fat\"><div class=\"quform-input quform-input-text quform-input-2_30 quform-cf quform-has-field-icon-left\"><input type=\"text\" id=\"quform_2_30_df3694\" name=\"quform_2_30\" class=\"quform-field quform-field-text quform-field-2_30\" placeholder=\"your web address\" \/><span class=\"quform-field-icon quform-field-icon-left\"><i class=\"fa fa-window-restore\"><\/i><\/span><\/div><\/div><\/div><\/div><div class=\"quform-element quform-element-submit quform-element-2_19 quform-cf quform-button-style-theme quform-button-width-full\"><div class=\"quform-button-back quform-button-back-default quform-button-back-2_19\"><button name=\"quform_submit\" type=\"submit\" class=\"quform-back\" value=\"back\"><span class=\"quform-button-text quform-button-back-text\">Back<\/span><\/button><\/div><div class=\"quform-button-submit quform-button-submit-default quform-button-submit-2_19\"><button name=\"quform_submit\" type=\"submit\" class=\"quform-submit\" value=\"submit\"><span class=\"quform-button-text quform-button-submit-text\">Send<\/span><\/button><\/div><div class=\"quform-loading quform-loading-position-left quform-loading-type-spinner-3\"><div class=\"quform-loading-inner\"><div class=\"quform-loading-spinner\"><div class=\"quform-loading-spinner-inner\"><\/div><\/div><\/div><\/div><\/div><div class=\"quform-element-tree\"><label for=\"quform_2_0_df3694\">This field should be left blank<\/label><input type=\"text\" id=\"quform_2_0_df3694\" name=\"quform_2_0\" class=\"quform-field quform-field-tree quform-field-2_0\" tabindex=\"-1\" autocomplete=\"off\" \/><\/div><\/div><\/div><\/div><\/div><\/form><\/div><\/p>\n<p><strong style=\"font-size: 18px;\"><em><\/div><div class=\"modal-footer\"><a class=\"fusion-button button-default button-medium button default medium\" data-dismiss=\"modal\">Close<\/a><\/div><\/div><\/div><\/div>Isn&#8217;t it enough?<\/em><\/strong><\/p>\n<p style=\"font-size: 18px;\">You can fill in the form here or call us to get information about our Foreign Trade Coaching service areas.<\/p>\n<\/div><\/div><\/div><div  class=\"fusion-layout-column fusion_builder_column fusion_builder_column_1_4  fusion-one-fourth fusion-column-last 1_4\"  style='margin-top: 64px;margin-bottom: 20px;width:25%;width:calc(25% - ( ( 4% ) * 0.25 ) );'><div class=\"fusion-column-wrapper\" style=\"padding: 0px 0px 0px 0px;background-position:left top;background-repeat:no-repeat;-webkit-background-size:cover;-moz-background-size:cover;-o-background-size:cover;background-size:cover;\"  data-bg-url=\"\"><div class=\"fusion-button-wrapper fusion-aligncenter\"><style type=\"text\/css\" scoped=\"scoped\">.fusion-button.button-1 .fusion-button-text, .fusion-button.button-1 i {color:#ffffff;}.fusion-button.button-1 {border-width:0px;border-color:#ffffff;}.fusion-button.button-1 .fusion-button-icon-divider{border-color:#ffffff;}.fusion-button.button-1:hover .fusion-button-text, .fusion-button.button-1:hover i,.fusion-button.button-1:focus .fusion-button-text, .fusion-button.button-1:focus i,.fusion-button.button-1:active .fusion-button-text, .fusion-button.button-1:active{color:#cecece;}.fusion-button.button-1:hover, .fusion-button.button-1:focus, .fusion-button.button-1:active{border-width:0px;border-color:#cecece;}.fusion-button.button-1:hover .fusion-button-icon-divider, .fusion-button.button-1:hover .fusion-button-icon-divider, .fusion-button.button-1:active .fusion-button-icon-divider{border-color:#cecece;}.fusion-button.button-1 .fusion-button-text {text-transform:uppercase;}.fusion-button.button-1{width:auto;}<\/style><a class=\"fusion-button button-flat fusion-button-round button-large button-default button-1\" target=\"_self\" href=\"#\" data-toggle=\"modal\" data-target=\".fusion-modal.form1\"><span class=\"fusion-button-text\">Form Fill<\/span><\/a><\/div><\/div><\/div><\/div><div class=\"fusion-clearfix\"><\/div>\n\n\t\t\t\t\t<\/div>\n\t\t\t\t<\/div><\/div><\/div>\n","protected":false},"excerpt":{"rendered":"","protected":false},"author":1,"featured_media":0,"parent":0,"menu_order":0,"comment_status":"closed","ping_status":"closed","template":"","meta":{"footnotes":""},"class_list":["post-11633","page","type-page","status-publish","hentry"],"_links":{"self":[{"href":"https:\/\/www.takomaltd.com\/en\/wp-json\/wp\/v2\/pages\/11633","targetHints":{"allow":["GET"]}}],"collection":[{"href":"https:\/\/www.takomaltd.com\/en\/wp-json\/wp\/v2\/pages"}],"about":[{"href":"https:\/\/www.takomaltd.com\/en\/wp-json\/wp\/v2\/types\/page"}],"author":[{"embeddable":true,"href":"https:\/\/www.takomaltd.com\/en\/wp-json\/wp\/v2\/users\/1"}],"replies":[{"embeddable":true,"href":"https:\/\/www.takomaltd.com\/en\/wp-json\/wp\/v2\/comments?post=11633"}],"version-history":[{"count":27,"href":"https:\/\/www.takomaltd.com\/en\/wp-json\/wp\/v2\/pages\/11633\/revisions"}],"predecessor-version":[{"id":11813,"href":"https:\/\/www.takomaltd.com\/en\/wp-json\/wp\/v2\/pages\/11633\/revisions\/11813"}],"wp:attachment":[{"href":"https:\/\/www.takomaltd.com\/en\/wp-json\/wp\/v2\/media?parent=11633"}],"curies":[{"name":"wp","href":"https:\/\/api.w.org\/{rel}","templated":true}]}}