{"id":11624,"date":"2019-04-27T12:30:44","date_gmt":"2019-04-27T12:30:44","guid":{"rendered":"http:\/\/www.takomaltd.com\/en\/?page_id=11624"},"modified":"2019-05-07T12:26:55","modified_gmt":"2019-05-07T09:26:55","slug":"foreign-trade-business-partnership","status":"publish","type":"page","link":"https:\/\/www.takomaltd.com\/en\/foreign-trade-business-partnership\/","title":{"rendered":"FOREIGN TRADE BUSINESS PARTNERSHIP"},"content":{"rendered":"<p><div class=\"fusion-fullwidth fullwidth-box nonhundred-percent-fullwidth non-hundred-percent-height-scrolling\"  style='background-color: #ffffff;background-position: center center;background-repeat: no-repeat;padding-top:0px;padding-right:0px;padding-bottom:0px;padding-left:0px;'><div class=\"fusion-builder-row fusion-row \"><div  class=\"fusion-layout-column fusion_builder_column fusion_builder_column_1_1 fusion-builder-column-1 fusion-one-full fusion-column-first fusion-column-last 1_1\"  style='margin-top:0px;margin-bottom:20px;'>\n\t\t\t\t\t<div class=\"fusion-column-wrapper\" style=\"padding: 0px 0px 0px 0px;background-position:left top;background-repeat:no-repeat;-webkit-background-size:cover;-moz-background-size:cover;-o-background-size:cover;background-size:cover;\"   data-bg-url=\"\">\n\t\t\t\t\t\t<div class=\"fusion-title title fusion-title-1 fusion-title-center fusion-title-size-one\" style=\"font-size:32px;margin-top:0px;margin-bottom:32px;\"><div class=\"title-sep-container title-sep-container-left\"><div class=\"title-sep sep-single sep-solid\" style=\"border-color:#153f87;\"><\/div><\/div><h1 class=\"title-heading-center\" style=\"margin:0;font-size:1em;line-height:32px;color:#153f87;\"><p style=\"text-align: center;\"><strong>FOREIGN TRADE PARTNERSHIP<\/strong><\/p><\/h1><div class=\"title-sep-container title-sep-container-right\"><div class=\"title-sep sep-single sep-solid\" style=\"border-color:#153f87;\"><\/div><\/div><\/div><div class=\"fusion-text\"><p style=\"text-align: center; font-size: 18px;\"><strong>Tacoma broke new ground in Turkey, operate foreign trade partnership with all sizes of companies.<\/strong><\/p>\n<p style=\"font-size: 18px; text-align: left;\">Within the scope of the Foreign Trade Partnership, we act as a strategic partner in the fields of import or export of companies, and we establish partnerships by evaluating the company&#8217;s requests and demands.<br \/>\nOur partnership may be applicable to the entire foreign trade or may be planned for a certain part of it.<br \/>\nApart from the production stage of the products to be imported or exported, all processes are managed with the strong partnership, knowledge and experience of Takoma. The whole process from the time the products leave the production line to the customer is secured by the Takoma partnership. In this way, a fast and profitable foreign trade operation takes place for both phases of the partnership.<\/p>\n<\/div><div class=\"fusion-builder-row fusion-builder-row-inner fusion-row \"><div  class=\"fusion-layout-column fusion_builder_column fusion_builder_column_1_2  fusion-one-half fusion-column-first fusion-spacing-no 1_2\"  style='margin-top: 0px;margin-bottom: 20px;width:50%;width:calc(50% - ( ( 0px ) * 0.5 ) );margin-right:0px;'><div class=\"fusion-column-wrapper\" style=\"padding: 0px 0px 0px 0px;background-position:left top;background-repeat:no-repeat;-webkit-background-size:cover;-moz-background-size:cover;-o-background-size:cover;background-size:cover;\"  data-bg-url=\"\"><div class=\"fusion-image-frame-bottomshadow image-frame-shadow-1\"style=\"width:100%;max-width:573px;\"><style scoped=\"scoped\">.fusion-image-frame-bottomshadow.image-frame-shadow-1{display:inline-block}.element-bottomshadow.imageframe-1:before, .element-bottomshadow.imageframe-1:after{-webkit-box-shadow: 0 17px 10px rgba(0,0,0,0.4);box-shadow: 0 17px 10px rgba(0,0,0,0.4);}<\/style><span class=\"fusion-imageframe imageframe-bottomshadow imageframe-1 element-bottomshadow hover-type-none\"><img decoding=\"async\" src=\"https:\/\/www.takomaltd.com\/en\/wp-content\/uploads\/Dis-ticaret-ortakligi.jpg\" data-src=\"http:\/\/www.takomaltd.com\/en\/wp-content\/uploads\/Dis-ticaret-ortakligi.jpg\" width=\"\" height=\"\" alt=\"D\u0131\u015f Ticaret Dan\u0131\u015fmanl\u0131\u011f\u0131\" title=\"Dis-ticaret-ortakligi\" class=\"lazyload img-responsive wp-image-11630\" srcset=\"data:image\/svg+xml,%3Csvg%20xmlns%3D%27http%3A%2F%2Fwww.w3.org%2F2000%2Fsvg%27%20width%3D%27573%27%20height%3D%27280%27%20viewBox%3D%270%200%20573%20280%27%3E%3Crect%20width%3D%27573%27%20height%3D%273280%27%20fill-opacity%3D%220%22%2F%3E%3C%2Fsvg%3E\" data-srcset=\"https:\/\/www.takomaltd.com\/en\/wp-content\/uploads\/Dis-ticaret-ortakligi-200x98.jpg 200w, https:\/\/www.takomaltd.com\/en\/wp-content\/uploads\/Dis-ticaret-ortakligi-400x195.jpg 400w, https:\/\/www.takomaltd.com\/en\/wp-content\/uploads\/Dis-ticaret-ortakligi.jpg 573w\" data-sizes=\"auto\" data-orig-sizes=\"(max-width: 800px) 100vw, 573px\" \/><\/span><\/div><\/div><\/div><div  class=\"fusion-layout-column fusion_builder_column fusion_builder_column_1_2  fusion-one-half fusion-column-last 1_2\"  style='margin-top: 0px;margin-bottom: 0px;width:50%;width:calc(50% - ( ( 0px ) * 0.5 ) );'><div class=\"fusion-column-wrapper\" style=\"padding: 0px 0px 0px 0px;background-position:left top;background-repeat:no-repeat;-webkit-background-size:cover;-moz-background-size:cover;-o-background-size:cover;background-size:cover;\"  data-bg-url=\"\"><style type='text\/css'>.reading-box-container-1 .element-bottomshadow:before,.reading-box-container-1 .element-bottomshadow:after{opacity:0.70;}<\/style><div class=\"fusion-reading-box-container reading-box-container-1\" style=\"margin-top:0px;margin-bottom:0px;\"><div class=\"reading-box\" style=\"background-color:#f6f6f6;border-width:1px;border-color:#f6f6f6;border-left-width:3px;border-left-color:#1a80b6;border-style:solid;\"><h2>HOW IS THE PROCESS STARTED?<\/h2><div class=\"reading-box-additional fusion-reading-box-additional\">\n<ul style=\"font-size: 14px;\">\n<li>Communicate with Tacoma, forward your import or export request.<\/li>\n<li>Tacoma will enter into a short preliminary research process.<\/li>\n<li>After the preliminary research process, our experts will discuss the terms of the partnership and the operation process.<\/li>\n<li>Once all the conditions are met, our foreign trade process will start in partnership with Takoma.<\/li>\n<li><\/li>\n<\/ul>\n<\/div><div class=\"fusion-clearfix\"><\/div><\/div><\/div><\/div><\/div><div  class=\"fusion-layout-column fusion_builder_column fusion_builder_column_1_1  fusion-one-full fusion-column-first fusion-column-last 1_1\"  style='margin-top: 0px;margin-bottom: 20px;'><div class=\"fusion-column-wrapper\" style=\"padding: 0px 0px 0px 0px;background-position:left top;background-repeat:no-repeat;-webkit-background-size:cover;-moz-background-size:cover;-o-background-size:cover;background-size:cover;\"  data-bg-url=\"\"><\/div><\/div><\/div><div class=\"fusion-text\"><h4 class=\"tagline\" style=\"text-align: center; font-size: 18px;\" data-fontsize=\"14\" data-lineheight=\"20\">Call us for more information or <strong> <a href=\"http:\/\/www.takomaltd.com\/en\/iletisim\/\"> contact form<\/a><\/strong> You can open your request by filling out .<\/h4>\n<\/div><div class=\"fusion-clearfix\"><\/div>\n\n\t\t\t\t\t<\/div>\n\t\t\t\t<\/div><\/div><\/div><div class=\"fusion-fullwidth fullwidth-box nonhundred-percent-fullwidth non-hundred-percent-height-scrolling\"  style='background-color: #ffffff;background-position: center center;background-repeat: no-repeat;padding-top:0px;padding-right:0px;padding-bottom:0px;padding-left:0px;'><div class=\"fusion-builder-row fusion-row \"><div  class=\"fusion-layout-column fusion_builder_column fusion_builder_column_1_1 fusion-builder-column-2 fusion-one-full fusion-column-first fusion-column-last 1_1\"  style='margin-top:0px;margin-bottom:20px;'>\n\t\t\t\t\t<div class=\"fusion-column-wrapper\" style=\"padding: 0px 0px 0px 0px;background-position:left top;background-repeat:no-repeat;-webkit-background-size:cover;-moz-background-size:cover;-o-background-size:cover;background-size:cover;\"   data-bg-url=\"\">\n\t\t\t\t\t\t<div class=\"fusion-clearfix\"><\/div>\n\n\t\t\t\t\t<\/div>\n\t\t\t\t<\/div><\/div><\/div><\/p>\n","protected":false},"excerpt":{"rendered":"","protected":false},"author":1,"featured_media":0,"parent":0,"menu_order":0,"comment_status":"closed","ping_status":"closed","template":"","meta":{"footnotes":""},"class_list":["post-11624","page","type-page","status-publish","hentry"],"_links":{"self":[{"href":"https:\/\/www.takomaltd.com\/en\/wp-json\/wp\/v2\/pages\/11624","targetHints":{"allow":["GET"]}}],"collection":[{"href":"https:\/\/www.takomaltd.com\/en\/wp-json\/wp\/v2\/pages"}],"about":[{"href":"https:\/\/www.takomaltd.com\/en\/wp-json\/wp\/v2\/types\/page"}],"author":[{"embeddable":true,"href":"https:\/\/www.takomaltd.com\/en\/wp-json\/wp\/v2\/users\/1"}],"replies":[{"embeddable":true,"href":"https:\/\/www.takomaltd.com\/en\/wp-json\/wp\/v2\/comments?post=11624"}],"version-history":[{"count":10,"href":"https:\/\/www.takomaltd.com\/en\/wp-json\/wp\/v2\/pages\/11624\/revisions"}],"predecessor-version":[{"id":11811,"href":"https:\/\/www.takomaltd.com\/en\/wp-json\/wp\/v2\/pages\/11624\/revisions\/11811"}],"wp:attachment":[{"href":"https:\/\/www.takomaltd.com\/en\/wp-json\/wp\/v2\/media?parent=11624"}],"curies":[{"name":"wp","href":"https:\/\/api.w.org\/{rel}","templated":true}]}}