{"id":11571,"date":"2019-04-27T10:10:08","date_gmt":"2019-04-27T10:10:08","guid":{"rendered":"http:\/\/www.takomaltd.com\/en\/?page_id=11571"},"modified":"2019-05-07T12:27:49","modified_gmt":"2019-05-07T09:27:49","slug":"foreign-trade-consultancy","status":"publish","type":"page","link":"https:\/\/www.takomaltd.com\/en\/foreign-trade-consultancy\/","title":{"rendered":"FOREIGN TRADE CONSULTANCY"},"content":{"rendered":"<p><div class=\"fusion-fullwidth fullwidth-box nonhundred-percent-fullwidth non-hundred-percent-height-scrolling\"  style='background-color: #ffffff;background-position: center center;background-repeat: no-repeat;padding-top:0px;padding-right:0px;padding-bottom:0px;padding-left:0px;'><div class=\"fusion-builder-row fusion-row \"><div  class=\"fusion-layout-column fusion_builder_column fusion_builder_column_1_1 fusion-builder-column-1 fusion-one-full fusion-column-first fusion-column-last 1_1\"  style='margin-top:0px;margin-bottom:20px;'>\n\t\t\t\t\t<div class=\"fusion-column-wrapper\" style=\"padding: 0px 0px 0px 0px;background-position:left top;background-repeat:no-repeat;-webkit-background-size:cover;-moz-background-size:cover;-o-background-size:cover;background-size:cover;\"   data-bg-url=\"\">\n\t\t\t\t\t\t<div class=\"fusion-title title fusion-title-1 fusion-title-center fusion-title-size-one\" style=\"font-size:32px;margin-top:0px;margin-bottom:32px;\"><div class=\"title-sep-container title-sep-container-left\"><div class=\"title-sep sep-single sep-solid\" style=\"border-color:#153f87;\"><\/div><\/div><h1 class=\"title-heading-center\" style=\"margin:0;font-size:1em;line-height:32px;color:#153f87;\"><p style=\"text-align: center;\"><strong>FOREIGN TRADE CONSULTANCY<\/strong><\/p><\/h1><div class=\"title-sep-container title-sep-container-right\"><div class=\"title-sep sep-single sep-solid\" style=\"border-color:#153f87;\"><\/div><\/div><\/div><div class=\"fusion-text\"><p style=\"text-align: center; font-size: 18px;\">Foreign trade consultancy, beyond theoretical knowledge, requires practice of experience and experience. Unfortunately, it is not enough to know the rules, laws, steps, or to be experts in these subjects. At every stage, every decision, experience and efficiency in each result and strategy is required.<\/p>\n<\/div><div class=\"fusion-builder-row fusion-builder-row-inner fusion-row \"><div  class=\"fusion-layout-column fusion_builder_column fusion_builder_column_1_2  fusion-one-half fusion-column-first fusion-spacing-no 1_2\"  style='margin-top: 0px;margin-bottom: 20px;width:50%;width:calc(50% - ( ( 0px ) * 0.5 ) );margin-right:0px;'><div class=\"fusion-column-wrapper\" style=\"padding: 0px 0px 0px 0px;background-position:left top;background-repeat:no-repeat;-webkit-background-size:cover;-moz-background-size:cover;-o-background-size:cover;background-size:cover;\"  data-bg-url=\"\"><div class=\"fusion-image-frame-bottomshadow image-frame-shadow-1\"style=\"width:100%;max-width:573px;\"><style scoped=\"scoped\">.fusion-image-frame-bottomshadow.image-frame-shadow-1{display:inline-block}.element-bottomshadow.imageframe-1:before, .element-bottomshadow.imageframe-1:after{-webkit-box-shadow: 0 17px 10px rgba(0,0,0,0.4);box-shadow: 0 17px 10px rgba(0,0,0,0.4);}<\/style><span class=\"fusion-imageframe imageframe-bottomshadow imageframe-1 element-bottomshadow hover-type-none\"><img decoding=\"async\" src=\"https:\/\/www.takomaltd.com\/en\/wp-content\/uploads\/dis-ticaret-danismanligi.jpg\" data-src=\"http:\/\/www.takomaltd.com\/en\/wp-content\/uploads\/dis-ticaret-danismanligi.jpg\" width=\"\" height=\"\" alt=\"D\u0131\u015f Ticaret Dan\u0131\u015fmanl\u0131\u011f\u0131\" title=\"dis-ticaret-danismanligi\" class=\"lazyload img-responsive wp-image-11588\" srcset=\"data:image\/svg+xml,%3Csvg%20xmlns%3D%27http%3A%2F%2Fwww.w3.org%2F2000%2Fsvg%27%20width%3D%27573%27%20height%3D%27480%27%20viewBox%3D%270%200%20573%20480%27%3E%3Crect%20width%3D%27573%27%20height%3D%273480%27%20fill-opacity%3D%220%22%2F%3E%3C%2Fsvg%3E\" data-srcset=\"https:\/\/www.takomaltd.com\/en\/wp-content\/uploads\/dis-ticaret-danismanligi-200x168.jpg 200w, https:\/\/www.takomaltd.com\/en\/wp-content\/uploads\/dis-ticaret-danismanligi-400x335.jpg 400w, https:\/\/www.takomaltd.com\/en\/wp-content\/uploads\/dis-ticaret-danismanligi.jpg 573w\" data-sizes=\"auto\" data-orig-sizes=\"(max-width: 800px) 100vw, 573px\" \/><\/span><\/div><\/div><\/div><div  class=\"fusion-layout-column fusion_builder_column fusion_builder_column_1_2  fusion-one-half fusion-column-last 1_2\"  style='margin-top: 0px;margin-bottom: 0px;width:50%;width:calc(50% - ( ( 0px ) * 0.5 ) );'><div class=\"fusion-column-wrapper\" style=\"padding: 0px 0px 0px 0px;background-position:left top;background-repeat:no-repeat;-webkit-background-size:cover;-moz-background-size:cover;-o-background-size:cover;background-size:cover;\"  data-bg-url=\"\"><style type='text\/css'>.reading-box-container-1 .element-bottomshadow:before,.reading-box-container-1 .element-bottomshadow:after{opacity:0.70;}<\/style><div class=\"fusion-reading-box-container reading-box-container-1\" style=\"margin-top:0px;margin-bottom:0px;\"><div class=\"reading-box\" style=\"background-color:#f6f6f6;border-width:1px;border-color:#f6f6f6;border-left-width:3px;border-left-color:#1a80b6;border-style:solid;\"><h2>HOW DO WE WORK?<\/h2><div class=\"reading-box-additional fusion-reading-box-additional\">\n<ul style=\"font-size: 14px;\">\n<li>As Tacoma, we have demonstrated our experience and unrivaled expertise in our foreign trade transactions for many years.<\/li>\n<li>By planning a step in the import or export processes, we promise to enjoy a seamless experience.<\/li>\n<li>We produce solutions for the companies we work with to produce effective and efficient policies in international markets.<\/li>\n<li>We do market research for our companies that want to market their products in foreign markets and we realize the whole export process with our customers.<\/li>\n<li>We are searching for the most suitable manufacturers for our companies which want to supply products from overseas markets and we provide turnkey solutions to the companies by performing the whole import process as a result of the agreement.<\/li>\n<li>In addition, we are carrying out activities for our companies to benefit from the supports provided by the state&#8230;.<\/li>\n<li><\/li>\n<\/ul>\n<\/div><div class=\"fusion-clearfix\"><\/div><\/div><\/div><\/div><\/div><div  class=\"fusion-layout-column fusion_builder_column fusion_builder_column_1_1  fusion-one-full fusion-column-first fusion-column-last 1_1\"  style='margin-top: 0px;margin-bottom: 20px;'><div class=\"fusion-column-wrapper\" style=\"padding: 0px 0px 0px 0px;background-position:left top;background-repeat:no-repeat;-webkit-background-size:cover;-moz-background-size:cover;-o-background-size:cover;background-size:cover;\"  data-bg-url=\"\"><\/div><\/div><\/div><div class=\"fusion-title title fusion-title-2 fusion-title-size-two\" style=\"font-size:24px;margin-top:0px;margin-bottom:30px;\"><h2 class=\"title-heading-left\" style=\"margin:0;font-size:1em;line-height:24px;color:#000000;\">FOREIGN TRADE CONSULTANCY SERVICES<\/h2><div class=\"title-sep-container\"><div class=\"title-sep sep-single sep-dotted\" style=\"border-color:#e0dede;\"><\/div><\/div><\/div><div class=\"fusion-text fusion-text-split-columns fusion-text-columns-2\" style=\" -webkit-column-count:2; -webkit-column-gap:2em; -webkit-column-width:65%; -webkit-column-rule:2px solid #153f87; -moz-column-count:2; -moz-column-gap:2em; -moz-column-width:65%; -moz-column-rule:2px solid #153f87; column-count:2; column-gap:2em; column-width:65%; column-rule:2px solid #153f87;\"><p>With Takoma&#8217;s strong and reliable infrastructure, you can get smooth, fast and effective results in all your foreign trade processes. We plan our import or export processes, starting from the product to all the steps up to the market.<br \/>\n<strong style=\"font-size: 16px;\">Whether you are a foreign trade actor or start a new journey; Takoma&#8217;s foreign trade expertise and experience will always save you time.<\/strong><\/p>\n<p>Within the scope of our Foreign Trade Consultancy Service, we are with you from A to Z in all the processes below.<\/p>\n<ol>\n<li>Export Consultancy<\/li>\n<li>Import Consultancy<\/li>\n<li>Customs Consulting<\/li>\n<li>Letters of Credit<\/li>\n<li>Government Support Consultancy<\/li>\n<\/ol>\n<\/div><div class=\"fusion-text\"><h4 class=\"tagline\" style=\"text-align: center; font-size: 18px;\" data-fontsize=\"14\" data-lineheight=\"20\">For more information and to learn about your advantages, please visit <strong> <a style=\"color: # 000;\" href=\"http:\/\/www.takomaltd.com\/en\/iletisim\/\"> contact <\/a> <\/strong>.<\/h4>\n<\/div><div class=\"fusion-clearfix\"><\/div>\n\n\t\t\t\t\t<\/div>\n\t\t\t\t<\/div><\/div><\/div><div class=\"fusion-fullwidth fullwidth-box nonhundred-percent-fullwidth non-hundred-percent-height-scrolling\"  style='background-color: #ffffff;background-position: center center;background-repeat: no-repeat;padding-top:0px;padding-right:0px;padding-bottom:0px;padding-left:0px;'><div class=\"fusion-builder-row fusion-row \"><div  class=\"fusion-layout-column fusion_builder_column fusion_builder_column_1_1 fusion-builder-column-2 fusion-one-full fusion-column-first fusion-column-last 1_1\"  style='margin-top:0px;margin-bottom:20px;'>\n\t\t\t\t\t<div class=\"fusion-column-wrapper\" style=\"padding: 0px 0px 0px 0px;background-position:left top;background-repeat:no-repeat;-webkit-background-size:cover;-moz-background-size:cover;-o-background-size:cover;background-size:cover;\"   data-bg-url=\"\">\n\t\t\t\t\t\t<div class=\"fusion-clearfix\"><\/div>\n\n\t\t\t\t\t<\/div>\n\t\t\t\t<\/div><\/div><\/div><\/p>\n","protected":false},"excerpt":{"rendered":"","protected":false},"author":1,"featured_media":0,"parent":0,"menu_order":0,"comment_status":"closed","ping_status":"closed","template":"","meta":{"footnotes":""},"class_list":["post-11571","page","type-page","status-publish","hentry"],"_links":{"self":[{"href":"https:\/\/www.takomaltd.com\/en\/wp-json\/wp\/v2\/pages\/11571","targetHints":{"allow":["GET"]}}],"collection":[{"href":"https:\/\/www.takomaltd.com\/en\/wp-json\/wp\/v2\/pages"}],"about":[{"href":"https:\/\/www.takomaltd.com\/en\/wp-json\/wp\/v2\/types\/page"}],"author":[{"embeddable":true,"href":"https:\/\/www.takomaltd.com\/en\/wp-json\/wp\/v2\/users\/1"}],"replies":[{"embeddable":true,"href":"https:\/\/www.takomaltd.com\/en\/wp-json\/wp\/v2\/comments?post=11571"}],"version-history":[{"count":51,"href":"https:\/\/www.takomaltd.com\/en\/wp-json\/wp\/v2\/pages\/11571\/revisions"}],"predecessor-version":[{"id":11808,"href":"https:\/\/www.takomaltd.com\/en\/wp-json\/wp\/v2\/pages\/11571\/revisions\/11808"}],"wp:attachment":[{"href":"https:\/\/www.takomaltd.com\/en\/wp-json\/wp\/v2\/media?parent=11571"}],"curies":[{"name":"wp","href":"https:\/\/api.w.org\/{rel}","templated":true}]}}